{"id":33678,"date":"2020-05-05T09:09:58","date_gmt":"2020-05-05T09:10:57","guid":{"rendered":"https:\/\/goldsmith.store\/?post_type=product&#038;p=33678"},"modified":"2020-12-04T15:41:11","modified_gmt":"2020-12-04T15:41:11","slug":"zolotye-sergi-s-dragocennymi-kamnjami-karatov-4","status":"publish","type":"product","link":"https:\/\/goldsmith.store\/ru\/produkt\/zolotye-sergi-s-dragocennymi-kamnjami-karatov-4\/","title":{"rendered":"\u0417\u043e\u043b\u043e\u0442\u044b\u0435 \u0441\u0435\u0440\u044c\u0433\u0438 \u0441 \u0434\u0440\u0430\u0433\u043e\u0446\u0435\u043d\u043d\u044b\u043c\u0438 \u043a\u0430\u043c\u043d\u044f\u043c\u0438 KARATOV"},"content":{"rendered":"<p>ART.141026269<\/p>\n","protected":false},"excerpt":{"rendered":"<p>ART.141026269<\/p>\n","protected":false},"featured_media":48255,"template":"","meta":{"_acf_changed":false},"product_brand":[],"product_cat":[16],"product_tag":[],"giftcard-category":[],"class_list":{"0":"post-33678","1":"product","2":"type-product","3":"status-publish","4":"has-post-thumbnail","6":"product_cat-zhenshhiny","7":"pa_kivi-brilliant","8":"pa_kivi-sapfir","9":"pa_metall-zoloto","10":"pa_metalli-varv-krasnij","12":"first","13":"instock","14":"taxable","15":"shipping-taxable","16":"purchasable","17":"product-type-simple"},"acf":[],"yoast_head":"<!-- This site is optimized with the Yoast SEO Premium plugin v27.1 (Yoast SEO v27.3) - https:\/\/yoast.com\/product\/yoast-seo-premium-wordpress\/ -->\n<title>Goldsmith.store | \u0417\u043e\u043b\u043e\u0442\u044b\u0435 \u0441\u0435\u0440\u044c\u0433\u0438 \u0441 \u0434\u0440\u0430\u0433\u043e\u0446\u0435\u043d\u043d\u044b\u043c\u0438 \u043a\u0430\u043c\u043d\u044f\u043c\u0438 KARATOV<\/title>\n<meta name=\"description\" content=\"Kuld k\u00f5rvar\u00f5ngad v\u00e4\u00e4riskividega KARATOV\" \/>\n<meta name=\"robots\" content=\"index, follow, max-snippet:-1, max-image-preview:large, max-video-preview:-1\" \/>\n<link rel=\"canonical\" href=\"https:\/\/goldsmith.store\/ru\/produkt\/zolotye-sergi-s-dragocennymi-kamnjami-karatov-4\/\" \/>\n<meta property=\"og:locale\" content=\"ru_RU\" \/>\n<meta property=\"og:type\" content=\"article\" \/>\n<meta property=\"og:title\" content=\"\u0417\u043e\u043b\u043e\u0442\u044b\u0435 \u0441\u0435\u0440\u044c\u0433\u0438 \u0441 \u0434\u0440\u0430\u0433\u043e\u0446\u0435\u043d\u043d\u044b\u043c\u0438 \u043a\u0430\u043c\u043d\u044f\u043c\u0438 KARATOV\" \/>\n<meta property=\"og:description\" content=\"Kuld k\u00f5rvar\u00f5ngad v\u00e4\u00e4riskividega KARATOV\" \/>\n<meta property=\"og:url\" content=\"https:\/\/goldsmith.store\/ru\/produkt\/zolotye-sergi-s-dragocennymi-kamnjami-karatov-4\/\" \/>\n<meta property=\"og:site_name\" content=\"Goldsmith.store\" \/>\n<meta property=\"article:publisher\" content=\"https:\/\/www.facebook.com\/goldsmith.store\" \/>\n<meta property=\"article:modified_time\" content=\"2020-12-04T15:41:11+00:00\" \/>\n<meta property=\"og:image\" content=\"https:\/\/goldsmith.store\/wp-content\/uploads\/2020\/05\/170.jpg\" \/>\n\t<meta property=\"og:image:width\" content=\"900\" \/>\n\t<meta property=\"og:image:height\" content=\"900\" \/>\n\t<meta property=\"og:image:type\" content=\"image\/jpeg\" \/>\n<meta name=\"twitter:card\" content=\"summary_large_image\" \/>\n<meta name=\"twitter:label1\" content=\"\u0426\u0435\u043d\u0430\" \/>\n\t<meta name=\"twitter:data1\" content=\"729.00&euro;\" \/>\n\t<meta name=\"twitter:label2\" content=\"\u0414\u043e\u0441\u0442\u0443\u043f\u043d\u043e\u0441\u0442\u044c\" \/>\n\t<meta name=\"twitter:data2\" content=\"\u0412 \u043d\u0430\u043b\u0438\u0447\u0438\u0438\" \/>\n<script type=\"application\/ld+json\" class=\"yoast-schema-graph\">{\"@context\":\"https:\\\/\\\/schema.org\",\"@graph\":[{\"@type\":\"WebPage\",\"@id\":\"https:\\\/\\\/goldsmith.store\\\/ru\\\/produkt\\\/zolotye-sergi-s-dragocennymi-kamnjami-karatov-4\\\/\",\"url\":\"https:\\\/\\\/goldsmith.store\\\/ru\\\/produkt\\\/zolotye-sergi-s-dragocennymi-kamnjami-karatov-4\\\/\",\"name\":\"Goldsmith.store | \u0417\u043e\u043b\u043e\u0442\u044b\u0435 \u0441\u0435\u0440\u044c\u0433\u0438 \u0441 \u0434\u0440\u0430\u0433\u043e\u0446\u0435\u043d\u043d\u044b\u043c\u0438 \u043a\u0430\u043c\u043d\u044f\u043c\u0438 KARATOV\",\"isPartOf\":{\"@id\":\"https:\\\/\\\/goldsmith.store\\\/ru\\\/#website\"},\"primaryImageOfPage\":{\"@id\":\"https:\\\/\\\/goldsmith.store\\\/ru\\\/produkt\\\/zolotye-sergi-s-dragocennymi-kamnjami-karatov-4\\\/#primaryimage\"},\"image\":{\"@id\":\"https:\\\/\\\/goldsmith.store\\\/ru\\\/produkt\\\/zolotye-sergi-s-dragocennymi-kamnjami-karatov-4\\\/#primaryimage\"},\"thumbnailUrl\":\"https:\\\/\\\/goldsmith.store\\\/wp-content\\\/uploads\\\/2020\\\/05\\\/170.jpg\",\"datePublished\":\"2020-05-05T09:10:57+00:00\",\"dateModified\":\"2020-12-04T15:41:11+00:00\",\"description\":\"Kuld k\u00f5rvar\u00f5ngad v\u00e4\u00e4riskividega KARATOV\",\"breadcrumb\":{\"@id\":\"https:\\\/\\\/goldsmith.store\\\/ru\\\/produkt\\\/zolotye-sergi-s-dragocennymi-kamnjami-karatov-4\\\/#breadcrumb\"},\"inLanguage\":\"ru-RU\",\"potentialAction\":[{\"@type\":\"ReadAction\",\"target\":[\"https:\\\/\\\/goldsmith.store\\\/ru\\\/produkt\\\/zolotye-sergi-s-dragocennymi-kamnjami-karatov-4\\\/\"]}]},{\"@type\":\"ImageObject\",\"inLanguage\":\"ru-RU\",\"@id\":\"https:\\\/\\\/goldsmith.store\\\/ru\\\/produkt\\\/zolotye-sergi-s-dragocennymi-kamnjami-karatov-4\\\/#primaryimage\",\"url\":\"https:\\\/\\\/goldsmith.store\\\/wp-content\\\/uploads\\\/2020\\\/05\\\/170.jpg\",\"contentUrl\":\"https:\\\/\\\/goldsmith.store\\\/wp-content\\\/uploads\\\/2020\\\/05\\\/170.jpg\",\"width\":900,\"height\":900,\"caption\":\"170\"},{\"@type\":\"BreadcrumbList\",\"@id\":\"https:\\\/\\\/goldsmith.store\\\/ru\\\/produkt\\\/zolotye-sergi-s-dragocennymi-kamnjami-karatov-4\\\/#breadcrumb\",\"itemListElement\":[{\"@type\":\"ListItem\",\"position\":1,\"name\":\"\u0413\u043b\u0430\u0432\u043d\u0430\u044f \u0441\u0442\u0440\u0430\u043d\u0438\u0446\u0430\",\"item\":\"https:\\\/\\\/goldsmith.store\\\/ru\\\/\"},{\"@type\":\"ListItem\",\"position\":2,\"name\":\"\u041c\u0430\u0433\u0430\u0437\u0438\u043d\",\"item\":\"https:\\\/\\\/goldsmith.store\\\/ru\\\/magazin\\\/\"},{\"@type\":\"ListItem\",\"position\":3,\"name\":\"\u0417\u043e\u043b\u043e\u0442\u044b\u0435 \u0441\u0435\u0440\u044c\u0433\u0438 \u0441 \u0434\u0440\u0430\u0433\u043e\u0446\u0435\u043d\u043d\u044b\u043c\u0438 \u043a\u0430\u043c\u043d\u044f\u043c\u0438 KARATOV\"}]},{\"@type\":\"WebSite\",\"@id\":\"https:\\\/\\\/goldsmith.store\\\/ru\\\/#website\",\"url\":\"https:\\\/\\\/goldsmith.store\\\/ru\\\/\",\"name\":\"Goldsmith.store\",\"description\":\"\",\"publisher\":{\"@id\":\"https:\\\/\\\/goldsmith.store\\\/ru\\\/#organization\"},\"potentialAction\":[{\"@type\":\"SearchAction\",\"target\":{\"@type\":\"EntryPoint\",\"urlTemplate\":\"https:\\\/\\\/goldsmith.store\\\/ru\\\/?s={search_term_string}\"},\"query-input\":{\"@type\":\"PropertyValueSpecification\",\"valueRequired\":true,\"valueName\":\"search_term_string\"}}],\"inLanguage\":\"ru-RU\"},{\"@type\":\"Organization\",\"@id\":\"https:\\\/\\\/goldsmith.store\\\/ru\\\/#organization\",\"name\":\"SOUCHEK O\u00dc\",\"url\":\"https:\\\/\\\/goldsmith.store\\\/ru\\\/\",\"logo\":{\"@type\":\"ImageObject\",\"inLanguage\":\"ru-RU\",\"@id\":\"https:\\\/\\\/goldsmith.store\\\/ru\\\/#\\\/schema\\\/logo\\\/image\\\/\",\"url\":\"https:\\\/\\\/goldsmith.store\\\/wp-content\\\/uploads\\\/2017\\\/10\\\/goldsmith_logo.png\",\"contentUrl\":\"https:\\\/\\\/goldsmith.store\\\/wp-content\\\/uploads\\\/2017\\\/10\\\/goldsmith_logo.png\",\"width\":140,\"height\":80,\"caption\":\"SOUCHEK O\u00dc\"},\"image\":{\"@id\":\"https:\\\/\\\/goldsmith.store\\\/ru\\\/#\\\/schema\\\/logo\\\/image\\\/\"},\"sameAs\":[\"https:\\\/\\\/www.facebook.com\\\/goldsmith.store\",\"https:\\\/\\\/www.instagram.com\\\/goldsmith.store\\\/\"]}]}<\/script>\n<meta property=\"product:price:amount\" content=\"729.00\" \/>\n<meta property=\"product:price:currency\" content=\"EUR\" \/>\n<meta property=\"og:availability\" content=\"instock\" \/>\n<meta property=\"product:availability\" content=\"instock\" \/>\n<meta property=\"product:retailer_item_id\" content=\"34\/19-60\" \/>\n<meta property=\"product:condition\" content=\"new\" \/>\n<!-- \/ Yoast SEO Premium plugin. -->","yoast_head_json":{"title":"Goldsmith.store | \u0417\u043e\u043b\u043e\u0442\u044b\u0435 \u0441\u0435\u0440\u044c\u0433\u0438 \u0441 \u0434\u0440\u0430\u0433\u043e\u0446\u0435\u043d\u043d\u044b\u043c\u0438 \u043a\u0430\u043c\u043d\u044f\u043c\u0438 KARATOV","description":"Kuld k\u00f5rvar\u00f5ngad v\u00e4\u00e4riskividega KARATOV","robots":{"index":"index","follow":"follow","max-snippet":"max-snippet:-1","max-image-preview":"max-image-preview:large","max-video-preview":"max-video-preview:-1"},"canonical":"https:\/\/goldsmith.store\/ru\/produkt\/zolotye-sergi-s-dragocennymi-kamnjami-karatov-4\/","og_locale":"ru_RU","og_type":"article","og_title":"\u0417\u043e\u043b\u043e\u0442\u044b\u0435 \u0441\u0435\u0440\u044c\u0433\u0438 \u0441 \u0434\u0440\u0430\u0433\u043e\u0446\u0435\u043d\u043d\u044b\u043c\u0438 \u043a\u0430\u043c\u043d\u044f\u043c\u0438 KARATOV","og_description":"Kuld k\u00f5rvar\u00f5ngad v\u00e4\u00e4riskividega KARATOV","og_url":"https:\/\/goldsmith.store\/ru\/produkt\/zolotye-sergi-s-dragocennymi-kamnjami-karatov-4\/","og_site_name":"Goldsmith.store","article_publisher":"https:\/\/www.facebook.com\/goldsmith.store","article_modified_time":"2020-12-04T15:41:11+00:00","og_image":[{"width":900,"height":900,"url":"https:\/\/goldsmith.store\/wp-content\/uploads\/2020\/05\/170.jpg","type":"image\/jpeg"}],"twitter_card":"summary_large_image","twitter_misc":{"\u0426\u0435\u043d\u0430":"729.00&euro;","\u0414\u043e\u0441\u0442\u0443\u043f\u043d\u043e\u0441\u0442\u044c":"\u0412 \u043d\u0430\u043b\u0438\u0447\u0438\u0438"},"schema":{"@context":"https:\/\/schema.org","@graph":[{"@type":"WebPage","@id":"https:\/\/goldsmith.store\/ru\/produkt\/zolotye-sergi-s-dragocennymi-kamnjami-karatov-4\/","url":"https:\/\/goldsmith.store\/ru\/produkt\/zolotye-sergi-s-dragocennymi-kamnjami-karatov-4\/","name":"Goldsmith.store | \u0417\u043e\u043b\u043e\u0442\u044b\u0435 \u0441\u0435\u0440\u044c\u0433\u0438 \u0441 \u0434\u0440\u0430\u0433\u043e\u0446\u0435\u043d\u043d\u044b\u043c\u0438 \u043a\u0430\u043c\u043d\u044f\u043c\u0438 KARATOV","isPartOf":{"@id":"https:\/\/goldsmith.store\/ru\/#website"},"primaryImageOfPage":{"@id":"https:\/\/goldsmith.store\/ru\/produkt\/zolotye-sergi-s-dragocennymi-kamnjami-karatov-4\/#primaryimage"},"image":{"@id":"https:\/\/goldsmith.store\/ru\/produkt\/zolotye-sergi-s-dragocennymi-kamnjami-karatov-4\/#primaryimage"},"thumbnailUrl":"https:\/\/goldsmith.store\/wp-content\/uploads\/2020\/05\/170.jpg","datePublished":"2020-05-05T09:10:57+00:00","dateModified":"2020-12-04T15:41:11+00:00","description":"Kuld k\u00f5rvar\u00f5ngad v\u00e4\u00e4riskividega KARATOV","breadcrumb":{"@id":"https:\/\/goldsmith.store\/ru\/produkt\/zolotye-sergi-s-dragocennymi-kamnjami-karatov-4\/#breadcrumb"},"inLanguage":"ru-RU","potentialAction":[{"@type":"ReadAction","target":["https:\/\/goldsmith.store\/ru\/produkt\/zolotye-sergi-s-dragocennymi-kamnjami-karatov-4\/"]}]},{"@type":"ImageObject","inLanguage":"ru-RU","@id":"https:\/\/goldsmith.store\/ru\/produkt\/zolotye-sergi-s-dragocennymi-kamnjami-karatov-4\/#primaryimage","url":"https:\/\/goldsmith.store\/wp-content\/uploads\/2020\/05\/170.jpg","contentUrl":"https:\/\/goldsmith.store\/wp-content\/uploads\/2020\/05\/170.jpg","width":900,"height":900,"caption":"170"},{"@type":"BreadcrumbList","@id":"https:\/\/goldsmith.store\/ru\/produkt\/zolotye-sergi-s-dragocennymi-kamnjami-karatov-4\/#breadcrumb","itemListElement":[{"@type":"ListItem","position":1,"name":"\u0413\u043b\u0430\u0432\u043d\u0430\u044f \u0441\u0442\u0440\u0430\u043d\u0438\u0446\u0430","item":"https:\/\/goldsmith.store\/ru\/"},{"@type":"ListItem","position":2,"name":"\u041c\u0430\u0433\u0430\u0437\u0438\u043d","item":"https:\/\/goldsmith.store\/ru\/magazin\/"},{"@type":"ListItem","position":3,"name":"\u0417\u043e\u043b\u043e\u0442\u044b\u0435 \u0441\u0435\u0440\u044c\u0433\u0438 \u0441 \u0434\u0440\u0430\u0433\u043e\u0446\u0435\u043d\u043d\u044b\u043c\u0438 \u043a\u0430\u043c\u043d\u044f\u043c\u0438 KARATOV"}]},{"@type":"WebSite","@id":"https:\/\/goldsmith.store\/ru\/#website","url":"https:\/\/goldsmith.store\/ru\/","name":"Goldsmith.store","description":"","publisher":{"@id":"https:\/\/goldsmith.store\/ru\/#organization"},"potentialAction":[{"@type":"SearchAction","target":{"@type":"EntryPoint","urlTemplate":"https:\/\/goldsmith.store\/ru\/?s={search_term_string}"},"query-input":{"@type":"PropertyValueSpecification","valueRequired":true,"valueName":"search_term_string"}}],"inLanguage":"ru-RU"},{"@type":"Organization","@id":"https:\/\/goldsmith.store\/ru\/#organization","name":"SOUCHEK O\u00dc","url":"https:\/\/goldsmith.store\/ru\/","logo":{"@type":"ImageObject","inLanguage":"ru-RU","@id":"https:\/\/goldsmith.store\/ru\/#\/schema\/logo\/image\/","url":"https:\/\/goldsmith.store\/wp-content\/uploads\/2017\/10\/goldsmith_logo.png","contentUrl":"https:\/\/goldsmith.store\/wp-content\/uploads\/2017\/10\/goldsmith_logo.png","width":140,"height":80,"caption":"SOUCHEK O\u00dc"},"image":{"@id":"https:\/\/goldsmith.store\/ru\/#\/schema\/logo\/image\/"},"sameAs":["https:\/\/www.facebook.com\/goldsmith.store","https:\/\/www.instagram.com\/goldsmith.store\/"]}]},"product_price_amount":"729.00","product_price_currency":"EUR","og_availability":"instock","product_availability":"instock","product_retailer_item_id":"34\/19-60","product_condition":"new"},"_links":{"self":[{"href":"https:\/\/goldsmith.store\/ru\/wp-json\/wp\/v2\/product\/33678","targetHints":{"allow":["GET"]}}],"collection":[{"href":"https:\/\/goldsmith.store\/ru\/wp-json\/wp\/v2\/product"}],"about":[{"href":"https:\/\/goldsmith.store\/ru\/wp-json\/wp\/v2\/types\/product"}],"wp:featuredmedia":[{"embeddable":true,"href":"https:\/\/goldsmith.store\/ru\/wp-json\/wp\/v2\/media\/48255"}],"wp:attachment":[{"href":"https:\/\/goldsmith.store\/ru\/wp-json\/wp\/v2\/media?parent=33678"}],"wp:term":[{"taxonomy":"product_brand","embeddable":true,"href":"https:\/\/goldsmith.store\/ru\/wp-json\/wp\/v2\/product_brand?post=33678"},{"taxonomy":"product_cat","embeddable":true,"href":"https:\/\/goldsmith.store\/ru\/wp-json\/wp\/v2\/product_cat?post=33678"},{"taxonomy":"product_tag","embeddable":true,"href":"https:\/\/goldsmith.store\/ru\/wp-json\/wp\/v2\/product_tag?post=33678"},{"taxonomy":"giftcard-category","embeddable":true,"href":"https:\/\/goldsmith.store\/ru\/wp-json\/wp\/v2\/giftcard-category?post=33678"}],"curies":[{"name":"wp","href":"https:\/\/api.w.org\/{rel}","templated":true}]}}