{"id":6258,"date":"2017-10-25T10:35:18","date_gmt":"2017-10-25T10:35:18","guid":{"rendered":"https:\/\/goldsmith.store\/?page_id=6258"},"modified":"2020-07-11T12:55:06","modified_gmt":"2020-07-11T12:55:06","slug":"store-location","status":"publish","type":"page","link":"https:\/\/goldsmith.store\/en\/store-location\/","title":{"rendered":"Goldsmith stores"},"content":{"rendered":"<div class=\"wpb-content-wrapper\"><p>[vc_row css=&#8221;.vc_custom_1575976577098{padding-top: 30px !important;}&#8221;][vc_column][vc_custom_heading divider=&#8221;yes&#8221; text=&#8221;TALLINN&#8221; font_container=&#8221;tag:h2|font_size:24|text_align:center|line_height:24px&#8221; use_theme_fonts=&#8221;yes&#8221; sub_title=&#8221;\u00dclemiste Shopping Center&#8221;][\/vc_column][\/vc_row][vc_row css=&#8221;.vc_custom_1575979120726{margin-top: 45px !important;}&#8221;][vc_column width=&#8221;1\/3&#8243;][vc_single_image image=&#8221;29960&#8243; img_size=&#8221;full&#8221; alignment=&#8221;center&#8221; onclick=&#8221;link_image&#8221;][\/vc_column][vc_column width=&#8221;1\/3&#8243;][vc_single_image image=&#8221;29959&#8243; img_size=&#8221;full&#8221; alignment=&#8221;center&#8221; onclick=&#8221;link_image&#8221;][\/vc_column][vc_column width=&#8221;1\/3&#8243;][vc_single_image image=&#8221;29986&#8243; img_size=&#8221;full&#8221; alignment=&#8221;center&#8221; onclick=&#8221;link_image&#8221;][\/vc_column][\/vc_row][vc_row][vc_column css=&#8221;.vc_custom_1575977912840{padding-top: 10px !important;padding-right: 10px !important;padding-left: 10px !important;}&#8221;][vc_column_text css=&#8221;.vc_custom_1594472104185{padding-right: 10px !important;padding-left: 10px !important;}&#8221;]<\/p>\n<p class=\"p1\" style=\"text-align: center; text-transform: uppercase;\">\u00dcLEMISTE Shopping Center 1 floor<\/p>\n<p style=\"text-align: center;\"><span style=\"text-transform: uppercase;\">Open:<\/span><br \/>\nEvery day: <strong>10:00 &#8211; 21:00<\/strong><\/p>\n<p style=\"text-align: center;\"><span style=\"text-transform: uppercase;\">Address:<\/span><br \/>\n<a class=\"findme\" style=\"text-decoration: underline;\" href=\"https:\/\/www.google.com\/maps\/place\/Goldsmith\/@59.4212879,24.7485599,13z\/data=!4m8!1m2!2m1!1sgoldsmith!3m4!1s0x4692eb548e08e133:0x2c79ed9a95fcb8dc!8m2!3d59.4219071!4d24.7944225\" target=\"_blank\" rel=\"noopener noreferrer\">Suur-S\u00f5jam\u00e4e 4, Tallinn 11415, Estonia<\/a><\/p>\n<p style=\"text-align: center;\"><a class=\"callme\" style=\"text-decoration: underline;\" href=\"tel:+3726001512\">+372\u00a0600 1512<\/a>,\u00a0<a style=\"text-decoration: underline;\" href=\"mailto:info@goldsmith.store\">info@goldsmith.store<\/a><\/p>\n<p>[\/vc_column_text][vc_single_image image=&#8221;30774&#8243; img_size=&#8221;full&#8221; alignment=&#8221;center&#8221;][\/vc_column][\/vc_row][vc_row css=&#8221;.vc_custom_1575976577098{padding-top: 30px !important;}&#8221;][vc_column][vc_custom_heading divider=&#8221;yes&#8221; text=&#8221;NARVA&#8221; font_container=&#8221;tag:h2|font_size:24|text_align:center|line_height:24px&#8221; use_theme_fonts=&#8221;yes&#8221; sub_title=&#8221;Fama Keskus&#8221;][\/vc_column][\/vc_row][vc_row css=&#8221;.vc_custom_1575979120726{margin-top: 45px !important;}&#8221;][vc_column width=&#8221;1\/3&#8243;][vc_single_image image=&#8221;29988&#8243; img_size=&#8221;full&#8221; alignment=&#8221;center&#8221; onclick=&#8221;link_image&#8221;][\/vc_column][vc_column width=&#8221;1\/3&#8243;][vc_single_image image=&#8221;29989&#8243; img_size=&#8221;full&#8221; alignment=&#8221;center&#8221; onclick=&#8221;link_image&#8221;][\/vc_column][vc_column width=&#8221;1\/3&#8243;][vc_single_image image=&#8221;29990&#8243; img_size=&#8221;full&#8221; alignment=&#8221;center&#8221; onclick=&#8221;link_image&#8221;][\/vc_column][\/vc_row][vc_row][vc_column css=&#8221;.vc_custom_1575977912840{padding-top: 10px !important;padding-right: 10px !important;padding-left: 10px !important;}&#8221;][vc_column_text css=&#8221;.vc_custom_1576008886879{padding-right: 10px !important;padding-left: 10px !important;}&#8221;]<\/p>\n<p class=\"p1\" style=\"text-align: center; text-transform: uppercase;\">FAMA Shopping Center 1 floor<\/p>\n<p style=\"text-align: center;\"><span style=\"text-transform: uppercase;\">Open:<\/span><br \/>\nEvery day: <strong>10:00 &#8211; 20:00<\/strong> (winter)<br \/>\n<strong>10:00 &#8211; 21:00<\/strong> (summer)<\/p>\n<p style=\"text-align: center;\"><span style=\"text-transform: uppercase;\">Address:<\/span><br \/>\n<a class=\"findme\" style=\"text-decoration: underline;\" href=\"https:\/\/g.page\/fama-keskus?share\" target=\"_blank\" rel=\"noopener noreferrer\">Fama p\u00f5ik 10, Narva 20303, Estonia<br \/>\n<\/a><\/p>\n<p style=\"text-align: center;\"><a class=\"callme\" style=\"text-decoration: underline;\" href=\"tel:+3726551444 \">+372\u00a0655 1444<\/a>,\u00a0<a style=\"text-decoration: underline;\" href=\"mailto:info@goldsmith.store\">info@goldsmith.store<\/a><\/p>\n<p>[\/vc_column_text][\/vc_column][\/vc_row]<\/p>\n<\/div>","protected":false},"excerpt":{"rendered":"<p>[vc_row css=&#8221;.vc_custom_1575976577098{padding-top: 30px !important;}&#8221;][vc_column][vc_custom_heading divider=&#8221;yes&#8221; text=&#8221;TALLINN&#8221; font_container=&#8221;tag:h2|font_size:24|text_align:center|line_height:24px&#8221; use_theme_fonts=&#8221;yes&#8221; sub_title=&#8221;\u00dclemiste Shopping Center&#8221;][\/vc_column][\/vc_row][vc_row css=&#8221;.vc_custom_1575979120726{margin-top: 45px !important;}&#8221;][vc_column width=&#8221;1\/3&#8243;][vc_single_image image=&#8221;29960&#8243; img_size=&#8221;full&#8221; alignment=&#8221;center&#8221; onclick=&#8221;link_image&#8221;][\/vc_column][vc_column width=&#8221;1\/3&#8243;][vc_single_image image=&#8221;29959&#8243; img_size=&#8221;full&#8221; alignment=&#8221;center&#8221; onclick=&#8221;link_image&#8221;][\/vc_column][vc_column width=&#8221;1\/3&#8243;][vc_single_image image=&#8221;29986&#8243; img_size=&#8221;full&#8221; alignment=&#8221;center&#8221; onclick=&#8221;link_image&#8221;][\/vc_column][\/vc_row][vc_row][vc_column css=&#8221;.vc_custom_1575977912840{padding-top: 10px !important;padding-right: 10px !important;padding-left: 10px !important;}&#8221;][vc_column_text css=&#8221;.vc_custom_1594472104185{padding-right: 10px !important;padding-left: 10px !important;}&#8221;] \u00dcLEMISTE Shopping Center 1 floor Open: Every day: 10:00 &#8211; 21:00 Address: Suur-S\u00f5jam\u00e4e 4, [&hellip;]<\/p>\n","protected":false},"author":1,"featured_media":0,"parent":0,"menu_order":0,"comment_status":"closed","ping_status":"closed","template":"","meta":{"_acf_changed":false,"footnotes":""},"class_list":["post-6258","page","type-page","status-publish","hentry"],"acf":[],"yoast_head":"<!-- This site is optimized with the Yoast SEO Premium plugin v27.1 (Yoast SEO v27.3) - https:\/\/yoast.com\/product\/yoast-seo-premium-wordpress\/ -->\n<title>Goldsmith.store | Goldsmith stores<\/title>\n<meta name=\"robots\" content=\"index, follow, max-snippet:-1, max-image-preview:large, max-video-preview:-1\" \/>\n<link rel=\"canonical\" href=\"https:\/\/goldsmith.store\/en\/store-location\/\" \/>\n<meta property=\"og:locale\" content=\"en_US\" \/>\n<meta property=\"og:type\" content=\"article\" \/>\n<meta property=\"og:title\" content=\"Goldsmith stores\" \/>\n<meta property=\"og:description\" content=\"[vc_row css=&#8221;.vc_custom_1575976577098{padding-top: 30px !important;}&#8221;][vc_column][vc_custom_heading divider=&#8221;yes&#8221; text=&#8221;TALLINN&#8221; font_container=&#8221;tag:h2|font_size:24|text_align:center|line_height:24px&#8221; use_theme_fonts=&#8221;yes&#8221; sub_title=&#8221;\u00dclemiste Shopping Center&#8221;][\/vc_column][\/vc_row][vc_row css=&#8221;.vc_custom_1575979120726{margin-top: 45px !important;}&#8221;][vc_column width=&#8221;1\/3&#8243;][vc_single_image image=&#8221;29960&#8243; img_size=&#8221;full&#8221; alignment=&#8221;center&#8221; onclick=&#8221;link_image&#8221;][\/vc_column][vc_column width=&#8221;1\/3&#8243;][vc_single_image image=&#8221;29959&#8243; img_size=&#8221;full&#8221; alignment=&#8221;center&#8221; onclick=&#8221;link_image&#8221;][\/vc_column][vc_column width=&#8221;1\/3&#8243;][vc_single_image image=&#8221;29986&#8243; img_size=&#8221;full&#8221; alignment=&#8221;center&#8221; onclick=&#8221;link_image&#8221;][\/vc_column][\/vc_row][vc_row][vc_column css=&#8221;.vc_custom_1575977912840{padding-top: 10px !important;padding-right: 10px !important;padding-left: 10px !important;}&#8221;][vc_column_text css=&#8221;.vc_custom_1594472104185{padding-right: 10px !important;padding-left: 10px !important;}&#8221;] \u00dcLEMISTE Shopping Center 1 floor Open: Every day: 10:00 &#8211; 21:00 Address: Suur-S\u00f5jam\u00e4e 4, [&hellip;]\" \/>\n<meta property=\"og:url\" content=\"https:\/\/goldsmith.store\/en\/store-location\/\" \/>\n<meta property=\"og:site_name\" content=\"Goldsmith.store\" \/>\n<meta property=\"article:publisher\" content=\"https:\/\/www.facebook.com\/goldsmith.store\" \/>\n<meta property=\"article:modified_time\" content=\"2020-07-11T12:55:06+00:00\" \/>\n<meta name=\"twitter:card\" content=\"summary_large_image\" \/>\n<meta name=\"twitter:label1\" content=\"Est. reading time\" \/>\n\t<meta name=\"twitter:data1\" content=\"2 minutes\" \/>\n<script type=\"application\/ld+json\" class=\"yoast-schema-graph\">{\"@context\":\"https:\\\/\\\/schema.org\",\"@graph\":[{\"@type\":\"WebPage\",\"@id\":\"https:\\\/\\\/goldsmith.store\\\/en\\\/store-location\\\/\",\"url\":\"https:\\\/\\\/goldsmith.store\\\/en\\\/store-location\\\/\",\"name\":\"Goldsmith.store | Goldsmith stores\",\"isPartOf\":{\"@id\":\"https:\\\/\\\/goldsmith.store\\\/en\\\/#website\"},\"datePublished\":\"2017-10-25T10:35:18+00:00\",\"dateModified\":\"2020-07-11T12:55:06+00:00\",\"breadcrumb\":{\"@id\":\"https:\\\/\\\/goldsmith.store\\\/en\\\/store-location\\\/#breadcrumb\"},\"inLanguage\":\"en-US\",\"potentialAction\":[{\"@type\":\"ReadAction\",\"target\":[\"https:\\\/\\\/goldsmith.store\\\/en\\\/store-location\\\/\"]}]},{\"@type\":\"BreadcrumbList\",\"@id\":\"https:\\\/\\\/goldsmith.store\\\/en\\\/store-location\\\/#breadcrumb\",\"itemListElement\":[{\"@type\":\"ListItem\",\"position\":1,\"name\":\"\u0413\u043b\u0430\u0432\u043d\u0430\u044f \u0441\u0442\u0440\u0430\u043d\u0438\u0446\u0430\",\"item\":\"https:\\\/\\\/goldsmith.store\\\/en\\\/\"},{\"@type\":\"ListItem\",\"position\":2,\"name\":\"Goldsmith stores\"}]},{\"@type\":\"WebSite\",\"@id\":\"https:\\\/\\\/goldsmith.store\\\/en\\\/#website\",\"url\":\"https:\\\/\\\/goldsmith.store\\\/en\\\/\",\"name\":\"Goldsmith.store\",\"description\":\"\",\"publisher\":{\"@id\":\"https:\\\/\\\/goldsmith.store\\\/en\\\/#organization\"},\"potentialAction\":[{\"@type\":\"SearchAction\",\"target\":{\"@type\":\"EntryPoint\",\"urlTemplate\":\"https:\\\/\\\/goldsmith.store\\\/en\\\/?s={search_term_string}\"},\"query-input\":{\"@type\":\"PropertyValueSpecification\",\"valueRequired\":true,\"valueName\":\"search_term_string\"}}],\"inLanguage\":\"en-US\"},{\"@type\":\"Organization\",\"@id\":\"https:\\\/\\\/goldsmith.store\\\/en\\\/#organization\",\"name\":\"SOUCHEK O\u00dc\",\"url\":\"https:\\\/\\\/goldsmith.store\\\/en\\\/\",\"logo\":{\"@type\":\"ImageObject\",\"inLanguage\":\"en-US\",\"@id\":\"https:\\\/\\\/goldsmith.store\\\/en\\\/#\\\/schema\\\/logo\\\/image\\\/\",\"url\":\"https:\\\/\\\/goldsmith.store\\\/wp-content\\\/uploads\\\/2017\\\/10\\\/goldsmith_logo.png\",\"contentUrl\":\"https:\\\/\\\/goldsmith.store\\\/wp-content\\\/uploads\\\/2017\\\/10\\\/goldsmith_logo.png\",\"width\":140,\"height\":80,\"caption\":\"SOUCHEK O\u00dc\"},\"image\":{\"@id\":\"https:\\\/\\\/goldsmith.store\\\/en\\\/#\\\/schema\\\/logo\\\/image\\\/\"},\"sameAs\":[\"https:\\\/\\\/www.facebook.com\\\/goldsmith.store\",\"https:\\\/\\\/www.instagram.com\\\/goldsmith.store\\\/\"]}]}<\/script>\n<!-- \/ Yoast SEO Premium plugin. -->","yoast_head_json":{"title":"Goldsmith.store | Goldsmith stores","robots":{"index":"index","follow":"follow","max-snippet":"max-snippet:-1","max-image-preview":"max-image-preview:large","max-video-preview":"max-video-preview:-1"},"canonical":"https:\/\/goldsmith.store\/en\/store-location\/","og_locale":"en_US","og_type":"article","og_title":"Goldsmith stores","og_description":"[vc_row css=&#8221;.vc_custom_1575976577098{padding-top: 30px !important;}&#8221;][vc_column][vc_custom_heading divider=&#8221;yes&#8221; text=&#8221;TALLINN&#8221; font_container=&#8221;tag:h2|font_size:24|text_align:center|line_height:24px&#8221; use_theme_fonts=&#8221;yes&#8221; sub_title=&#8221;\u00dclemiste Shopping Center&#8221;][\/vc_column][\/vc_row][vc_row css=&#8221;.vc_custom_1575979120726{margin-top: 45px !important;}&#8221;][vc_column width=&#8221;1\/3&#8243;][vc_single_image image=&#8221;29960&#8243; img_size=&#8221;full&#8221; alignment=&#8221;center&#8221; onclick=&#8221;link_image&#8221;][\/vc_column][vc_column width=&#8221;1\/3&#8243;][vc_single_image image=&#8221;29959&#8243; img_size=&#8221;full&#8221; alignment=&#8221;center&#8221; onclick=&#8221;link_image&#8221;][\/vc_column][vc_column width=&#8221;1\/3&#8243;][vc_single_image image=&#8221;29986&#8243; img_size=&#8221;full&#8221; alignment=&#8221;center&#8221; onclick=&#8221;link_image&#8221;][\/vc_column][\/vc_row][vc_row][vc_column css=&#8221;.vc_custom_1575977912840{padding-top: 10px !important;padding-right: 10px !important;padding-left: 10px !important;}&#8221;][vc_column_text css=&#8221;.vc_custom_1594472104185{padding-right: 10px !important;padding-left: 10px !important;}&#8221;] \u00dcLEMISTE Shopping Center 1 floor Open: Every day: 10:00 &#8211; 21:00 Address: Suur-S\u00f5jam\u00e4e 4, [&hellip;]","og_url":"https:\/\/goldsmith.store\/en\/store-location\/","og_site_name":"Goldsmith.store","article_publisher":"https:\/\/www.facebook.com\/goldsmith.store","article_modified_time":"2020-07-11T12:55:06+00:00","twitter_card":"summary_large_image","twitter_misc":{"Est. reading time":"2 minutes"},"schema":{"@context":"https:\/\/schema.org","@graph":[{"@type":"WebPage","@id":"https:\/\/goldsmith.store\/en\/store-location\/","url":"https:\/\/goldsmith.store\/en\/store-location\/","name":"Goldsmith.store | Goldsmith stores","isPartOf":{"@id":"https:\/\/goldsmith.store\/en\/#website"},"datePublished":"2017-10-25T10:35:18+00:00","dateModified":"2020-07-11T12:55:06+00:00","breadcrumb":{"@id":"https:\/\/goldsmith.store\/en\/store-location\/#breadcrumb"},"inLanguage":"en-US","potentialAction":[{"@type":"ReadAction","target":["https:\/\/goldsmith.store\/en\/store-location\/"]}]},{"@type":"BreadcrumbList","@id":"https:\/\/goldsmith.store\/en\/store-location\/#breadcrumb","itemListElement":[{"@type":"ListItem","position":1,"name":"\u0413\u043b\u0430\u0432\u043d\u0430\u044f \u0441\u0442\u0440\u0430\u043d\u0438\u0446\u0430","item":"https:\/\/goldsmith.store\/en\/"},{"@type":"ListItem","position":2,"name":"Goldsmith stores"}]},{"@type":"WebSite","@id":"https:\/\/goldsmith.store\/en\/#website","url":"https:\/\/goldsmith.store\/en\/","name":"Goldsmith.store","description":"","publisher":{"@id":"https:\/\/goldsmith.store\/en\/#organization"},"potentialAction":[{"@type":"SearchAction","target":{"@type":"EntryPoint","urlTemplate":"https:\/\/goldsmith.store\/en\/?s={search_term_string}"},"query-input":{"@type":"PropertyValueSpecification","valueRequired":true,"valueName":"search_term_string"}}],"inLanguage":"en-US"},{"@type":"Organization","@id":"https:\/\/goldsmith.store\/en\/#organization","name":"SOUCHEK O\u00dc","url":"https:\/\/goldsmith.store\/en\/","logo":{"@type":"ImageObject","inLanguage":"en-US","@id":"https:\/\/goldsmith.store\/en\/#\/schema\/logo\/image\/","url":"https:\/\/goldsmith.store\/wp-content\/uploads\/2017\/10\/goldsmith_logo.png","contentUrl":"https:\/\/goldsmith.store\/wp-content\/uploads\/2017\/10\/goldsmith_logo.png","width":140,"height":80,"caption":"SOUCHEK O\u00dc"},"image":{"@id":"https:\/\/goldsmith.store\/en\/#\/schema\/logo\/image\/"},"sameAs":["https:\/\/www.facebook.com\/goldsmith.store","https:\/\/www.instagram.com\/goldsmith.store\/"]}]}},"_links":{"self":[{"href":"https:\/\/goldsmith.store\/en\/wp-json\/wp\/v2\/pages\/6258","targetHints":{"allow":["GET"]}}],"collection":[{"href":"https:\/\/goldsmith.store\/en\/wp-json\/wp\/v2\/pages"}],"about":[{"href":"https:\/\/goldsmith.store\/en\/wp-json\/wp\/v2\/types\/page"}],"author":[{"embeddable":true,"href":"https:\/\/goldsmith.store\/en\/wp-json\/wp\/v2\/users\/1"}],"replies":[{"embeddable":true,"href":"https:\/\/goldsmith.store\/en\/wp-json\/wp\/v2\/comments?post=6258"}],"version-history":[{"count":0,"href":"https:\/\/goldsmith.store\/en\/wp-json\/wp\/v2\/pages\/6258\/revisions"}],"wp:attachment":[{"href":"https:\/\/goldsmith.store\/en\/wp-json\/wp\/v2\/media?parent=6258"}],"curies":[{"name":"wp","href":"https:\/\/api.w.org\/{rel}","templated":true}]}}