{"id":6249,"date":"2017-10-25T10:33:00","date_gmt":"2017-10-25T10:33:00","guid":{"rendered":"https:\/\/goldsmith.store\/?page_id=6249"},"modified":"2024-01-24T17:48:24","modified_gmt":"2024-01-24T15:48:24","slug":"shipping-returns","status":"publish","type":"page","link":"https:\/\/goldsmith.store\/en\/shipping-returns\/","title":{"rendered":"Shipping &amp; Returns"},"content":{"rendered":"<div class=\"wpb-content-wrapper\"><p>[vc_row css=&#8221;.vc_custom_1508351249498{margin-top: 60px !important;}&#8221; el_class=&#8221;infohelper&#8221;][vc_column][vc_custom_heading divider=&#8221;yes&#8221; text=&#8221;SHIPPING&#8221; font_container=&#8221;tag:h2|font_size:24|text_align:center|line_height:24px&#8221; use_theme_fonts=&#8221;yes&#8221; css=&#8221;.vc_custom_1513463232678{margin-bottom: 40px !important;}&#8221;][vc_column_text]<\/p>\n<div class=\"wpb_text_column wpb_content_element \">\n<div class=\"wpb_wrapper\">\n<p class=\"p1\">The warehouse is located in Estonia. The order will be collected by the courier once order confirmation is received, either on the same day or until 12 PM the next working day. Delivery time depends on the method indicated by the customer and destination. In Estonia, it is 2-6 working days.<span class=\"Apple-converted-space\">\u00a0\u00a0<\/span>International shipping takes 3-10 working days. Our partners are FedEx, TNT, OMNIVA<\/p>\n<\/div>\n<\/div>\n<div class=\"wpb_text_column wpb_content_element \">\n<div class=\"wpb_wrapper\"><\/div>\n<\/div>\n<p>[\/vc_column_text][vc_column_text]<\/p>\n<div class=\"wpb_text_column wpb_content_element \">\n<div class=\"wpb_wrapper\">\n<p class=\"p1\">Standard delivery: delivery to a post office or an automated parcels terminal Omniva<br \/>\nPremium delivery: express courier delivery<\/p>\n<\/div>\n<\/div>\n<div class=\"wpb_text_column wpb_content_element \">\n<div class=\"wpb_wrapper\">\n<p class=\"p2\">\n<\/div>\n<\/div>\n<p>[\/vc_column_text][vc_row_inner][vc_column_inner][vc_column_text]<\/p>\n<h3 class=\"p1\"><span class=\"s1\">Estonia<\/span><\/h3>\n<p class=\"p2\">Standard delivery \u2013 3.80 euros<br \/>\nPremium delivery \u2013 5.90 euros<br \/>\nFor orders over 50 euros \u2013 free Standard delivery<br \/>\nFor orders over 200 euros \u2013 free Premium delivery<\/p>\n<h3 class=\"p1\"><span class=\"s1\">Lithuania<\/span><span class=\"s2\">,\u00a0<\/span><span class=\"s1\">Latvia<\/span><span class=\"s1\">\u00a0<\/span><\/h3>\n<p>Standard delivery \u2013 6.90 euros (Latvia)<br \/>\nStandard delivery &#8211; 7,90 euros (Lithuania)<br \/>\nStandard delivery \u00a0\u2013 free for orders over 150 euros<br \/>\nExpress delivery \u2013 19.90 euros<\/p>\n<p><b>Finland<br \/>\n<\/b>Standard delivery &#8211; 9,90 euros<br \/>\nStandard delivery \u00a0\u2013 free for orders over 500 euros.<br \/>\nPremium delivery- 29,9 euros.<\/p>\n<p><b><\/b><strong><span class=\"s1\">International shipping<\/span><\/strong><\/p>\n<p class=\"p2\">Standard delivery \u2013 12 euros<br \/>\nStandard delivery \u00a0\u2013 free for orders over 200 euros<br \/>\nExpress delivery \u2013 39 euro<\/p>\n<p>[\/vc_column_text][\/vc_column_inner][\/vc_row_inner][\/vc_column][\/vc_row][vc_row css=&#8221;.vc_custom_1508349008919{margin-top: 60px !important;}&#8221;][vc_column][vc_custom_heading divider=&#8221;yes&#8221; text=&#8221;Return&#8221; font_container=&#8221;tag:h2|font_size:24|text_align:center|line_height:24px&#8221; use_theme_fonts=&#8221;yes&#8221; css=&#8221;.vc_custom_1513463262559{margin-bottom: 40px !important;}&#8221;][\/vc_column][\/vc_row][vc_row el_class=&#8221;infohelper&#8221;][vc_column][vc_row_inner][vc_column_inner][vc_column_text]<\/p>\n<p class=\"p2\">The customer has the right to return or exchange an item purchased via the online store within 14 days.\u00a0Only unused items are eligible for the 14-day return.<br \/>\nWe do not accept items that have been modified, engraved on, or custom-made.<\/p>\n<p><b>Free<\/b> returns inside Estonia.<br \/>\nInternational orders \u2013 return shipping charges are paid by the customer, except when the reason for the return is that the item sent is not as described (e.g., wrong item or defective product).<\/p>\n<div id=\"jas-content\">\n<div class=\"jas-row jas-page\">\n<div class=\"jas-col-md-12 jas-col-xs-12 mb__60\" role=\"main\">\n<div class=\"wpb-content-wrapper\">\n<div class=\"jas-container\">\n<div class=\"vc_row infohelper\">\n<div class=\"wpb_column vc_column_container vc_col-sm-12\">\n<div class=\"vc_column-inner \">\n<div class=\"wpb_wrapper\">\n<div class=\"wpb_text_column wpb_content_element \">\n<div class=\"wpb_wrapper\">\n<h3 class=\"p3\"><span class=\"s1\">Returning the item<\/span><\/h3>\n<p>The item can be sent back the same way it was received or returned to the GOLDSMITH jewelry store, located on the first floor of the \u00dclemiste shopping center at Suur-S\u00f5jam\u00e4e tee 4, in Tallinn, Estonia.<br \/>\nPlease, use logistics or postal services that provide a tracking number for the parcel.<br \/>\nThe item must be returned in good condition, with original packaging, certificate, and other accessories intact.<br \/>\nDo not forget to enclose a completed exchange form.<br \/>\nThe returned item must be put in a separate package for safe shipment.\u00a0 If mail stickers are placed on the branded box, the item will be considered worn, which makes it ineligible for return and exchange.<\/p>\n<p>Refunds are issued as soon as possible, but not later than 14 days after the confirmation of the return of the item.If your order was purchased with a gift card, the refund will be issued to the gift card, which can be reused for future purchases.<\/p>\n<p><a href=\"https:\/\/goldsmith.store\/wp-content\/uploads\/2018\/03\/Goldsmith_return_A4-EST.pdf\">Return page<\/a><\/p>\n<\/div>\n<\/div>\n<\/div>\n<\/div>\n<\/div>\n<\/div>\n<\/div>\n<\/div>\n<\/div>\n<\/div>\n<\/div>\n<footer id=\"jas-footer\" class=\"bgbl footer-2\">\n<div class=\"footer__top pb__40\">\n<div class=\"jas-container pr\">\n<div class=\"jas-row\">\n<div class=\"jas-col-md-3 jas-col-sm-6 jas-col-xs-12\"><\/div>\n<div class=\"jas-col-md-3 jas-col-sm-6 jas-col-xs-12\"><\/div>\n<\/div>\n<\/div>\n<\/div>\n<\/footer>\n<p>[\/vc_column_text][\/vc_column_inner][\/vc_row_inner][\/vc_column][\/vc_row]<\/p>\n<\/div>","protected":false},"excerpt":{"rendered":"<p>[vc_row css=&#8221;.vc_custom_1508351249498{margin-top: 60px !important;}&#8221; el_class=&#8221;infohelper&#8221;][vc_column][vc_custom_heading divider=&#8221;yes&#8221; text=&#8221;SHIPPING&#8221; font_container=&#8221;tag:h2|font_size:24|text_align:center|line_height:24px&#8221; use_theme_fonts=&#8221;yes&#8221; css=&#8221;.vc_custom_1513463232678{margin-bottom: 40px !important;}&#8221;][vc_column_text] The warehouse is located in Estonia. The order will be collected by the courier once order confirmation is received, either on the same day or until 12 PM the next working day. Delivery time depends on the method indicated by the customer and [&hellip;]<\/p>\n","protected":false},"author":1,"featured_media":0,"parent":0,"menu_order":0,"comment_status":"closed","ping_status":"closed","template":"","meta":{"_acf_changed":false,"footnotes":""},"class_list":["post-6249","page","type-page","status-publish","hentry"],"acf":[],"yoast_head":"<!-- This site is optimized with the Yoast SEO Premium plugin v27.5 (Yoast SEO v27.5) - https:\/\/yoast.com\/product\/yoast-seo-premium-wordpress\/ -->\n<title>Goldsmith.store | Shipping &amp; Returns<\/title>\n<meta name=\"robots\" content=\"index, follow, max-snippet:-1, max-image-preview:large, max-video-preview:-1\" \/>\n<link rel=\"canonical\" href=\"https:\/\/goldsmith.store\/en\/shipping-returns\/\" \/>\n<meta property=\"og:locale\" content=\"en_US\" \/>\n<meta property=\"og:type\" content=\"article\" \/>\n<meta property=\"og:title\" content=\"Shipping &amp; Returns\" \/>\n<meta property=\"og:description\" content=\"[vc_row css=&#8221;.vc_custom_1508351249498{margin-top: 60px !important;}&#8221; el_class=&#8221;infohelper&#8221;][vc_column][vc_custom_heading divider=&#8221;yes&#8221; text=&#8221;SHIPPING&#8221; font_container=&#8221;tag:h2|font_size:24|text_align:center|line_height:24px&#8221; use_theme_fonts=&#8221;yes&#8221; css=&#8221;.vc_custom_1513463232678{margin-bottom: 40px !important;}&#8221;][vc_column_text] The warehouse is located in Estonia. The order will be collected by the courier once order confirmation is received, either on the same day or until 12 PM the next working day. Delivery time depends on the method indicated by the customer and [&hellip;]\" \/>\n<meta property=\"og:url\" content=\"https:\/\/goldsmith.store\/en\/shipping-returns\/\" \/>\n<meta property=\"og:site_name\" content=\"Goldsmith.store\" \/>\n<meta property=\"article:publisher\" content=\"https:\/\/www.facebook.com\/goldsmith.store\" \/>\n<meta property=\"article:modified_time\" content=\"2024-01-24T15:48:24+00:00\" \/>\n<meta name=\"twitter:card\" content=\"summary_large_image\" \/>\n<meta name=\"twitter:label1\" content=\"Est. reading time\" \/>\n\t<meta name=\"twitter:data1\" content=\"3 minutes\" \/>\n<script type=\"application\/ld+json\" class=\"yoast-schema-graph\">{\"@context\":\"https:\\\/\\\/schema.org\",\"@graph\":[{\"@type\":\"WebPage\",\"@id\":\"https:\\\/\\\/goldsmith.store\\\/en\\\/shipping-returns\\\/\",\"url\":\"https:\\\/\\\/goldsmith.store\\\/en\\\/shipping-returns\\\/\",\"name\":\"Goldsmith.store | Shipping &amp; Returns\",\"isPartOf\":{\"@id\":\"https:\\\/\\\/goldsmith.store\\\/en\\\/#website\"},\"datePublished\":\"2017-10-25T10:33:00+00:00\",\"dateModified\":\"2024-01-24T15:48:24+00:00\",\"breadcrumb\":{\"@id\":\"https:\\\/\\\/goldsmith.store\\\/en\\\/shipping-returns\\\/#breadcrumb\"},\"inLanguage\":\"en-US\",\"potentialAction\":[{\"@type\":\"ReadAction\",\"target\":[\"https:\\\/\\\/goldsmith.store\\\/en\\\/shipping-returns\\\/\"]}]},{\"@type\":\"BreadcrumbList\",\"@id\":\"https:\\\/\\\/goldsmith.store\\\/en\\\/shipping-returns\\\/#breadcrumb\",\"itemListElement\":[{\"@type\":\"ListItem\",\"position\":1,\"name\":\"\u0413\u043b\u0430\u0432\u043d\u0430\u044f \u0441\u0442\u0440\u0430\u043d\u0438\u0446\u0430\",\"item\":\"https:\\\/\\\/goldsmith.store\\\/en\\\/\"},{\"@type\":\"ListItem\",\"position\":2,\"name\":\"Shipping &amp; Returns\"}]},{\"@type\":\"WebSite\",\"@id\":\"https:\\\/\\\/goldsmith.store\\\/en\\\/#website\",\"url\":\"https:\\\/\\\/goldsmith.store\\\/en\\\/\",\"name\":\"Goldsmith.store\",\"description\":\"\",\"publisher\":{\"@id\":\"https:\\\/\\\/goldsmith.store\\\/en\\\/#organization\"},\"potentialAction\":[{\"@type\":\"SearchAction\",\"target\":{\"@type\":\"EntryPoint\",\"urlTemplate\":\"https:\\\/\\\/goldsmith.store\\\/en\\\/?s={search_term_string}\"},\"query-input\":{\"@type\":\"PropertyValueSpecification\",\"valueRequired\":true,\"valueName\":\"search_term_string\"}}],\"inLanguage\":\"en-US\"},{\"@type\":\"Organization\",\"@id\":\"https:\\\/\\\/goldsmith.store\\\/en\\\/#organization\",\"name\":\"SOUCHEK O\u00dc\",\"url\":\"https:\\\/\\\/goldsmith.store\\\/en\\\/\",\"logo\":{\"@type\":\"ImageObject\",\"inLanguage\":\"en-US\",\"@id\":\"https:\\\/\\\/goldsmith.store\\\/en\\\/#\\\/schema\\\/logo\\\/image\\\/\",\"url\":\"https:\\\/\\\/goldsmith.store\\\/wp-content\\\/uploads\\\/2017\\\/10\\\/goldsmith_logo.png\",\"contentUrl\":\"https:\\\/\\\/goldsmith.store\\\/wp-content\\\/uploads\\\/2017\\\/10\\\/goldsmith_logo.png\",\"width\":140,\"height\":80,\"caption\":\"SOUCHEK O\u00dc\"},\"image\":{\"@id\":\"https:\\\/\\\/goldsmith.store\\\/en\\\/#\\\/schema\\\/logo\\\/image\\\/\"},\"sameAs\":[\"https:\\\/\\\/www.facebook.com\\\/goldsmith.store\",\"https:\\\/\\\/www.instagram.com\\\/goldsmith.store\\\/\"]}]}<\/script>\n<!-- \/ Yoast SEO Premium plugin. -->","yoast_head_json":{"title":"Goldsmith.store | Shipping &amp; Returns","robots":{"index":"index","follow":"follow","max-snippet":"max-snippet:-1","max-image-preview":"max-image-preview:large","max-video-preview":"max-video-preview:-1"},"canonical":"https:\/\/goldsmith.store\/en\/shipping-returns\/","og_locale":"en_US","og_type":"article","og_title":"Shipping &amp; Returns","og_description":"[vc_row css=&#8221;.vc_custom_1508351249498{margin-top: 60px !important;}&#8221; el_class=&#8221;infohelper&#8221;][vc_column][vc_custom_heading divider=&#8221;yes&#8221; text=&#8221;SHIPPING&#8221; font_container=&#8221;tag:h2|font_size:24|text_align:center|line_height:24px&#8221; use_theme_fonts=&#8221;yes&#8221; css=&#8221;.vc_custom_1513463232678{margin-bottom: 40px !important;}&#8221;][vc_column_text] The warehouse is located in Estonia. The order will be collected by the courier once order confirmation is received, either on the same day or until 12 PM the next working day. Delivery time depends on the method indicated by the customer and [&hellip;]","og_url":"https:\/\/goldsmith.store\/en\/shipping-returns\/","og_site_name":"Goldsmith.store","article_publisher":"https:\/\/www.facebook.com\/goldsmith.store","article_modified_time":"2024-01-24T15:48:24+00:00","twitter_card":"summary_large_image","twitter_misc":{"Est. reading time":"3 minutes"},"schema":{"@context":"https:\/\/schema.org","@graph":[{"@type":"WebPage","@id":"https:\/\/goldsmith.store\/en\/shipping-returns\/","url":"https:\/\/goldsmith.store\/en\/shipping-returns\/","name":"Goldsmith.store | Shipping &amp; Returns","isPartOf":{"@id":"https:\/\/goldsmith.store\/en\/#website"},"datePublished":"2017-10-25T10:33:00+00:00","dateModified":"2024-01-24T15:48:24+00:00","breadcrumb":{"@id":"https:\/\/goldsmith.store\/en\/shipping-returns\/#breadcrumb"},"inLanguage":"en-US","potentialAction":[{"@type":"ReadAction","target":["https:\/\/goldsmith.store\/en\/shipping-returns\/"]}]},{"@type":"BreadcrumbList","@id":"https:\/\/goldsmith.store\/en\/shipping-returns\/#breadcrumb","itemListElement":[{"@type":"ListItem","position":1,"name":"\u0413\u043b\u0430\u0432\u043d\u0430\u044f \u0441\u0442\u0440\u0430\u043d\u0438\u0446\u0430","item":"https:\/\/goldsmith.store\/en\/"},{"@type":"ListItem","position":2,"name":"Shipping &amp; Returns"}]},{"@type":"WebSite","@id":"https:\/\/goldsmith.store\/en\/#website","url":"https:\/\/goldsmith.store\/en\/","name":"Goldsmith.store","description":"","publisher":{"@id":"https:\/\/goldsmith.store\/en\/#organization"},"potentialAction":[{"@type":"SearchAction","target":{"@type":"EntryPoint","urlTemplate":"https:\/\/goldsmith.store\/en\/?s={search_term_string}"},"query-input":{"@type":"PropertyValueSpecification","valueRequired":true,"valueName":"search_term_string"}}],"inLanguage":"en-US"},{"@type":"Organization","@id":"https:\/\/goldsmith.store\/en\/#organization","name":"SOUCHEK O\u00dc","url":"https:\/\/goldsmith.store\/en\/","logo":{"@type":"ImageObject","inLanguage":"en-US","@id":"https:\/\/goldsmith.store\/en\/#\/schema\/logo\/image\/","url":"https:\/\/goldsmith.store\/wp-content\/uploads\/2017\/10\/goldsmith_logo.png","contentUrl":"https:\/\/goldsmith.store\/wp-content\/uploads\/2017\/10\/goldsmith_logo.png","width":140,"height":80,"caption":"SOUCHEK O\u00dc"},"image":{"@id":"https:\/\/goldsmith.store\/en\/#\/schema\/logo\/image\/"},"sameAs":["https:\/\/www.facebook.com\/goldsmith.store","https:\/\/www.instagram.com\/goldsmith.store\/"]}]}},"_links":{"self":[{"href":"https:\/\/goldsmith.store\/en\/wp-json\/wp\/v2\/pages\/6249","targetHints":{"allow":["GET"]}}],"collection":[{"href":"https:\/\/goldsmith.store\/en\/wp-json\/wp\/v2\/pages"}],"about":[{"href":"https:\/\/goldsmith.store\/en\/wp-json\/wp\/v2\/types\/page"}],"author":[{"embeddable":true,"href":"https:\/\/goldsmith.store\/en\/wp-json\/wp\/v2\/users\/1"}],"replies":[{"embeddable":true,"href":"https:\/\/goldsmith.store\/en\/wp-json\/wp\/v2\/comments?post=6249"}],"version-history":[{"count":0,"href":"https:\/\/goldsmith.store\/en\/wp-json\/wp\/v2\/pages\/6249\/revisions"}],"wp:attachment":[{"href":"https:\/\/goldsmith.store\/en\/wp-json\/wp\/v2\/media?parent=6249"}],"curies":[{"name":"wp","href":"https:\/\/api.w.org\/{rel}","templated":true}]}}